{"id":1211,"date":"2017-09-14T10:43:22","date_gmt":"2017-09-14T10:43:22","guid":{"rendered":"http:\/\/biuromc.sanok.pl\/index.php\/contact\/"},"modified":"2022-10-28T13:55:43","modified_gmt":"2022-10-28T11:55:43","slug":"contact","status":"publish","type":"page","link":"https:\/\/biuromc.sanok.pl\/index.php\/contact\/","title":{"rendered":"KONTAKT"},"content":{"rendered":"\n<p><\/p>\n\n\n\n<p><strong>PO\u015aREDNICTWO UBEZPIECZENIOWE <\/strong><\/p>\n\n\n\n<p>38-500 Sanok, ul. R. Traugutta 9<\/p>\n\n\n\n<p>tel. 500 397 157<\/p>\n\n\n\n<p>email : ubezpieczenia@biuromc.sanok.pl<\/p>\n\n\n\n<iframe src=\"https:\/\/www.google.com\/maps\/embed?pb=!1m18!1m12!1m3!1d2587.6422621162224!2d22.198086215699565!3d49.56677277936324!2m3!1f0!2f0!3f0!3m2!1i1024!2i768!4f13.1!3m3!1m2!1s0x473c6d9ca553ee6f%3A0x1f5627fe41253ca5!2sTraugutta%209%2C%2038-500%20Sanok!5e0!3m2!1spl!2spl!4v1666941818578!5m2!1spl!2spl\" width=\"600\" height=\"450\" style=\"border:0;\" allowfullscreen=\"\" loading=\"lazy\" referrerpolicy=\"no-referrer-when-downgrade\"><\/iframe>\n\n\n\n<p><\/p>\n\n\n\n<p><strong>BIURO US\u0141UG RACHUNKOWYCH<\/strong><\/p>\n\n\n\n<p>38-500 Sanok, ul. H. Sienkiewicza 1, V pi\u0119tro, pok\u00f3j 503<\/p>\n\n\n\n<p>tel. 693 387 258<\/p>\n\n\n\n<p>email : ksiegowosc@biuromc.sanok.pl<\/p>\n\n\n\n<p class=\"has-text-align-left\">email : podatek@biuro.sanok.pl<\/p>\n\n\n\n<iframe src=\"https:\/\/www.google.com\/maps\/embed?pb=!1m18!1m12!1m3!1d2588.007096816851!2d22.198122015875292!3d49.559889259009985!2m3!1f0!2f0!3f0!3m2!1i1024!2i768!4f13.1!3m3!1m2!1s0x473c6d78fc7acf71%3A0xae5cdbd9f594965a!2sSienkiewicza%201%2C%2038-500%20Sanok!5e0!3m2!1spl!2spl!4v1666942151803!5m2!1spl!2spl\" width=\"600\" height=\"450\" style=\"border:0;\" allowfullscreen=\"\" loading=\"lazy\" referrerpolicy=\"no-referrer-when-downgrade\"><\/iframe>\n","protected":false},"excerpt":{"rendered":"<p>PO\u015aREDNICTWO UBEZPIECZENIOWE 38-500 Sanok, ul. R. Traugutta 9 tel. 500 397 157 email : ubezpieczenia@biuromc.sanok.pl BIURO US\u0141UG RACHUNKOWYCH 38-500 Sanok, ul. H. Sienkiewicza 1, V pi\u0119tro, pok\u00f3j 503 tel. 693 387 258 email : ksiegowosc@biuromc.sanok.pl email : podatek@biuro.sanok.pl<\/p>\n","protected":false},"author":1,"featured_media":0,"parent":0,"menu_order":0,"comment_status":"closed","ping_status":"closed","template":"","meta":{"footnotes":""},"class_list":["post-1211","page","type-page","status-publish","hentry"],"_links":{"self":[{"href":"https:\/\/biuromc.sanok.pl\/index.php\/wp-json\/wp\/v2\/pages\/1211","targetHints":{"allow":["GET"]}}],"collection":[{"href":"https:\/\/biuromc.sanok.pl\/index.php\/wp-json\/wp\/v2\/pages"}],"about":[{"href":"https:\/\/biuromc.sanok.pl\/index.php\/wp-json\/wp\/v2\/types\/page"}],"author":[{"embeddable":true,"href":"https:\/\/biuromc.sanok.pl\/index.php\/wp-json\/wp\/v2\/users\/1"}],"replies":[{"embeddable":true,"href":"https:\/\/biuromc.sanok.pl\/index.php\/wp-json\/wp\/v2\/comments?post=1211"}],"version-history":[{"count":9,"href":"https:\/\/biuromc.sanok.pl\/index.php\/wp-json\/wp\/v2\/pages\/1211\/revisions"}],"predecessor-version":[{"id":1461,"href":"https:\/\/biuromc.sanok.pl\/index.php\/wp-json\/wp\/v2\/pages\/1211\/revisions\/1461"}],"wp:attachment":[{"href":"https:\/\/biuromc.sanok.pl\/index.php\/wp-json\/wp\/v2\/media?parent=1211"}],"curies":[{"name":"wp","href":"https:\/\/api.w.org\/{rel}","templated":true}]}}